{"id":154,"date":"2015-07-16T09:12:44","date_gmt":"2015-07-16T09:12:44","guid":{"rendered":"http:\/\/test.kriesi.at\/minimal-portfolio\/?page_id=154"},"modified":"2021-02-10T14:39:28","modified_gmt":"2021-02-10T13:39:28","slug":"about","status":"publish","type":"page","link":"https:\/\/www.peer-team.de\/?page_id=154","title":{"rendered":"\u00dcber uns"},"content":{"rendered":"<div id='av-layout-grid-1' class='av-layout-grid-container entry-content-wrapper main_color av-flex-cells    avia-builder-el-0  el_before_av_section  avia-builder-el-first  container_wrap fullsize' style=' '  >\n<div class=\"flex_cell no_margin av_one_half  avia-builder-el-1  el_before_av_cell_one_half  avia-builder-el-first   avia-full-stretch \" style='height:430px; min-height:430px;background:url(https:\/\/www.peer-team.de\/wp-content\/uploads\/2019\/06\/Fotolia_268496453_M-1030x907.jpg) center left no-repeat scroll; vertical-align:top; padding:30px; '><div class='flex_cell_inner' ><\/div><\/div><div class=\"flex_cell no_margin av_one_half  avia-builder-el-2  el_after_av_cell_one_half  avia-builder-el-last   \" style='height:430px; min-height:430px;vertical-align:middle; padding:30px 100px 30px 100px ; background-color:#f7f7f7; '><div class='flex_cell_inner' ><div class=\"flex_column av_one_full  av-animated-generic bottom-to-top  flex_column_div av-zero-column-padding first  avia-builder-el-3  avia-builder-el-no-sibling  \" style='border-radius:0px; '><p><div style='padding-bottom:10px; ' class='av-special-heading av-special-heading-h3  blockquote modern-quote  avia-builder-el-4  el_before_av_textblock  avia-builder-el-first   '><h3 class='av-special-heading-tag '  itemprop=\"headline\"  >Wir wir arbeiten<\/h3><div class='special-heading-border'><div class='special-heading-inner-border' ><\/div><\/div><\/div><br \/>\n<section class=\"av_textblock_section \"  itemscope=\"itemscope\" itemtype=\"https:\/\/schema.org\/CreativeWork\" ><div class='avia_textblock  '   itemprop=\"text\" ><p>Wir entwicklen mit unseren Kunden zusammen L\u00f6sungen die \u00fcber isolierte Projekte hinausgehen. Unser Ziel ist eine langfristige partnerschaftliche Zusammenarbeit.<\/p>\n<p>Unsere Entwickler arbeiten nicht isoliert an Aufgaben die sie in ihrer Gesamtkomplexit\u00e4t nicht verstehen, sondern bringen sich selbst in die L\u00f6sungsfindung ein. Gerade E-Commerce Systeme mit ihren vielf\u00e4ltigen Anforderungsprofilen brauchen intelligente L\u00f6sungen, die bereits bei der Software-Konzeption einen Schritt weiter gedacht wurden.<\/p>\n<\/div><\/section><\/p><\/div>\n<\/div><\/div><\/div><div id='av_section_1' class='avia-section main_color avia-section-large avia-no-border-styling avia-bg-style-scroll  avia-builder-el-6  el_after_av_layout_row  avia-builder-el-last   container_wrap fullsize' style=' '  ><div class='container' ><div class='template-page content  av-content-full alpha units'><div class='post-entry post-entry-type-page post-entry-154'><div class='entry-content-wrapper clearfix'><\/p>\n","protected":false},"excerpt":{"rendered":"","protected":false},"author":1,"featured_media":0,"parent":0,"menu_order":0,"comment_status":"open","ping_status":"open","template":"","meta":[],"_links":{"self":[{"href":"https:\/\/www.peer-team.de\/index.php?rest_route=\/wp\/v2\/pages\/154"}],"collection":[{"href":"https:\/\/www.peer-team.de\/index.php?rest_route=\/wp\/v2\/pages"}],"about":[{"href":"https:\/\/www.peer-team.de\/index.php?rest_route=\/wp\/v2\/types\/page"}],"author":[{"embeddable":true,"href":"https:\/\/www.peer-team.de\/index.php?rest_route=\/wp\/v2\/users\/1"}],"replies":[{"embeddable":true,"href":"https:\/\/www.peer-team.de\/index.php?rest_route=%2Fwp%2Fv2%2Fcomments&post=154"}],"version-history":[{"count":5,"href":"https:\/\/www.peer-team.de\/index.php?rest_route=\/wp\/v2\/pages\/154\/revisions"}],"predecessor-version":[{"id":290,"href":"https:\/\/www.peer-team.de\/index.php?rest_route=\/wp\/v2\/pages\/154\/revisions\/290"}],"wp:attachment":[{"href":"https:\/\/www.peer-team.de\/index.php?rest_route=%2Fwp%2Fv2%2Fmedia&parent=154"}],"curies":[{"name":"wp","href":"https:\/\/api.w.org\/{rel}","templated":true}]}}