{"id":212,"date":"2015-07-14T14:50:10","date_gmt":"2015-07-14T14:50:10","guid":{"rendered":"http:\/\/test.kriesi.at\/minimal-portfolio\/?page_id=9"},"modified":"2021-02-10T14:38:13","modified_gmt":"2021-02-10T13:38:13","slug":"home","status":"publish","type":"page","link":"https:\/\/www.peer-team.de\/","title":{"rendered":"Home"},"content":{"rendered":"<div id='full_slider_1' class='avia-fullwidth-slider main_color avia-shadow   avia-builder-el-0  el_before_av_section  avia-builder-el-first  container_wrap fullsize' style=' '  ><div  data-size='featured_large'  data-lightbox_size='large'  data-animation='fade'  data-conditional_play=''  data-ids='265,267,223,224,222,77'  data-video_counter='0'  data-autoplay='false'  data-bg_slider='false'  data-slide_height=''  data-handle='av_slideshow_full'  data-interval='5'  data-class=' '  data-css_id=''  data-scroll_down=''  data-control_layout='av-control-minimal'  data-custom_markup=''  data-perma_caption=''  data-autoplay_stopper=''  data-image_attachment=''  data-min_height='0px'  data-src=''  data-position='top left'  data-repeat='no-repeat'  data-attach='scroll'  data-stretch=''  data-default-height='42'  class='avia-slideshow avia-slideshow-1  av-control-minimal av-default-height-applied avia-slideshow-featured_large av_slideshow_full   avia-fade-slider '  itemprop=\"image\" itemscope=\"itemscope\" itemtype=\"https:\/\/schema.org\/ImageObject\" ><ul class='avia-slideshow-inner ' style='padding-bottom: 45.718432510885%;' ><li  class=' slide-1 ' ><div data-rel='slideshow-1' class='avia-slide-wrap '   ><img src='https:\/\/www.peer-team.de\/wp-content\/uploads\/2019\/06\/Fotolia_264919082_M-1378x630.jpg' width='1378' height='630' title='Isometric medical desktop with laptop' alt=''  itemprop=\"thumbnailUrl\"   \/><\/div><\/li><li  class=' slide-2 ' ><div data-rel='slideshow-1' class='avia-slide-wrap '   ><img src='https:\/\/www.peer-team.de\/wp-content\/uploads\/2019\/06\/Fotolia_264919087_M-1500x630.jpg' width='1500' height='630' title='Online medical services' alt=''  itemprop=\"thumbnailUrl\"   \/><\/div><\/li><li  class=' slide-3 ' ><div data-rel='slideshow-1' class='avia-slide-wrap '   ><img src='https:\/\/www.peer-team.de\/wp-content\/uploads\/2019\/05\/2.jpg' width='1500' height='630' title='2' alt=''  itemprop=\"thumbnailUrl\"   \/><\/div><\/li><li  class=' slide-4 ' ><div data-rel='slideshow-1' class='avia-slide-wrap '   ><img src='https:\/\/www.peer-team.de\/wp-content\/uploads\/2019\/05\/3.jpg' width='1500' height='630' title='3' alt=''  itemprop=\"thumbnailUrl\"   \/><\/div><\/li><li  class=' slide-5 ' ><div data-rel='slideshow-1' class='avia-slide-wrap '   ><img src='https:\/\/www.peer-team.de\/wp-content\/uploads\/2019\/05\/1.jpg' width='1500' height='630' title='1' alt=''  itemprop=\"thumbnailUrl\"   \/><\/div><\/li><li  class=' slide-6 ' ><div data-rel='slideshow-1' class='avia-slide-wrap '   ><img src='https:\/\/www.peer-team.de\/wp-content\/uploads\/2015\/07\/minimal-portfolio-banner1.jpg' width='1500' height='630' title='Pills' alt=''  itemprop=\"thumbnailUrl\"   \/><\/div><\/li><\/ul><div class='avia-slideshow-arrows avia-slideshow-controls'><a href='#prev' class='prev-slide' aria-hidden='true' data-av_icon='\ue87c' data-av_iconfont='entypo-fontello'>Zur\u00fcck<\/a><a href='#next' class='next-slide' aria-hidden='true' data-av_icon='\ue87d' data-av_iconfont='entypo-fontello'>Weiter<\/a><\/div><div class='avia-slideshow-dots avia-slideshow-controls'><a href='#1' class='goto-slide active' >1<\/a><a href='#2' class='goto-slide ' >2<\/a><a href='#3' class='goto-slide ' >3<\/a><a href='#4' class='goto-slide ' >4<\/a><a href='#5' class='goto-slide ' >5<\/a><a href='#6' class='goto-slide ' >6<\/a><\/div><\/div><\/div>\n<div id='av_section_1' class='avia-section main_color avia-section-large avia-no-border-styling avia-bg-style-scroll  avia-builder-el-1  el_after_av_slideshow_full  avia-builder-el-last   container_wrap fullsize' style=' '  ><div class='container' ><div class='template-page content  av-content-full alpha units'><div class='post-entry post-entry-type-page post-entry-212'><div class='entry-content-wrapper clearfix'>\n<div class=\"flex_column av_one_full  av-animated-generic bottom-to-top  flex_column_div av-zero-column-padding first  avia-builder-el-2  el_before_av_textblock  avia-builder-el-first  \" style='border-radius:0px; '><section class=\"av_textblock_section \"  itemscope=\"itemscope\" itemtype=\"https:\/\/schema.org\/CreativeWork\" ><div class='avia_textblock  '   itemprop=\"text\" ><h1>Individuelle Software Entwicklung<\/h1>\n<p class=\"secondary-heading\">Wir bieten strategische Beratung, kreative Umsetzung und die Implementierung von technischen L\u00f6sungen in bestehende Systeme. Unser Schwerpunkt ist die individuelle Software Entwicklung und die Konzeption und Realisierung von Systemen f\u00fcr den elekronischen Handel.<\/p>\n<\/div><\/section><\/div><section class=\"av_textblock_section \"  itemscope=\"itemscope\" itemtype=\"https:\/\/schema.org\/CreativeWork\" ><div class='avia_textblock  '   itemprop=\"text\" ><p>Unsere Entwickler arbeiten nicht isoliert an Aufgaben die sie in ihrer Gesamtkomplexit\u00e4t nicht verstehen, sondern bringen sich selbst in die L\u00f6sungsfindung ein. Gerade E-Commerce Systeme mit ihren vielf\u00e4ltigen Anforderungsprofilen brauchen intelligente L\u00f6sungen, die bereits bei der Software-Konzeption einen Schritt weiter gedacht wurden.<\/p>\n<\/div><\/section>\n<section class=\"av_textblock_section \"  itemscope=\"itemscope\" itemtype=\"https:\/\/schema.org\/CreativeWork\" ><div class='avia_textblock  '   itemprop=\"text\" ><p>Wir bieten Ihnen Erfahrung im High Performance Bereich und in gro\u00dfen Infrastrukturen internationaler Firmen.<br \/>\nSprechen Sie uns an um mehr \u00fcber uns zu erfahren.<\/p>\n<\/div><\/section>\n<div class=\"flex_column av_one_half  flex_column_div av-zero-column-padding first  avia-builder-el-6  el_after_av_textblock  el_before_av_one_half  column-top-margin\" style='border-radius:0px; '><section class=\"av_textblock_section \"  itemscope=\"itemscope\" itemtype=\"https:\/\/schema.org\/CreativeWork\" ><div class='avia_textblock  '   itemprop=\"text\" ><p><strong>Full-Stack Entwicklung<\/strong><br \/>\nWir entwickeln disruptive Web- und hybride mobile Anwendungen f\u00fcr Softwareunternehmen. Wir werden Ihre einzigartigen Anforderungen sorgf\u00e4ltig mit unserem Team von erfahrenen Full-Stack-Entwicklern abstimmen.<\/p>\n<\/div><\/section><\/div><div class=\"flex_column av_one_half  flex_column_div av-zero-column-padding   avia-builder-el-8  el_after_av_one_half  el_before_av_one_half  column-top-margin\" style='border-radius:0px; '><section class=\"av_textblock_section \"  itemscope=\"itemscope\" itemtype=\"https:\/\/schema.org\/CreativeWork\" ><div class='avia_textblock  '   itemprop=\"text\" ><p><strong>Projektleitung<\/strong><br \/>\nUnser F\u00fchrungsteam und unsere Projektmanager arbeiten mit Ihnen zusammen, um sicherzustellen, dass alle Projekte den h\u00f6chsten Qualit\u00e4tsstandards entsprechen und p\u00fcnktlich und im Rahmen des Budgets abgeschlossen werden.<\/p>\n<\/div><\/section><\/div><div class=\"flex_column av_one_half  flex_column_div av-zero-column-padding first  avia-builder-el-10  el_after_av_one_half  el_before_av_one_half  column-top-margin\" style='border-radius:0px; '><section class=\"av_textblock_section \"  itemscope=\"itemscope\" itemtype=\"https:\/\/schema.org\/CreativeWork\" ><div class='avia_textblock  '   itemprop=\"text\" ><p><strong>Qualit\u00e4tssicherung<\/strong><br \/>\nNichts geht aus der T\u00fcr, bevor wir es nicht einem strengen QA-Prozess unterzogen haben, der von unseren internen Qualit\u00e4tssicherungs-Testern durchgef\u00fchrt wird.<\/p>\n<\/div><\/section><\/div><div class=\"flex_column av_one_half  flex_column_div av-zero-column-padding   avia-builder-el-12  el_after_av_one_half  el_before_av_one_half  column-top-margin\" style='border-radius:0px; '><section class=\"av_textblock_section \"  itemscope=\"itemscope\" itemtype=\"https:\/\/schema.org\/CreativeWork\" ><div class='avia_textblock  '   itemprop=\"text\" ><p><b>AGILE SOFTWARE-ENTWICKLUNG<br \/>\n<\/b>Die Verwendung eines agilen Softwareentwicklungsprozesses bedeutet, dass Sie immer wissen, was wir bauen. Je mehr Sie involviert sind und je mehr Feedback Sie uns geben, desto mehr wird die Software Ihren Vorstellungen entsprechen. Sie k\u00f6nnen jederzeit unsere laufende Arbeit sehen oder Anforderungen \u00e4ndern, und Sie werden am Ende jeder Iteration eine funktionierende Software haben.<\/p>\n<\/div><\/section><\/div><div class=\"flex_column av_one_half  flex_column_div av-zero-column-padding first  avia-builder-el-14  el_after_av_one_half  el_before_av_one_half  column-top-margin\" style='border-radius:0px; '><section class=\"av_textblock_section \"  itemscope=\"itemscope\" itemtype=\"https:\/\/schema.org\/CreativeWork\" ><div class='avia_textblock  '   itemprop=\"text\" ><p><strong>MICROSERVICES<\/strong><br \/>\nDauert es ewig, bis Sie ein neues Release Ihrer App herausbringen? Geben Sie ein kleines Verm\u00f6gen f\u00fcr Cloud-Services aus? Andere Teams m\u00fcssen nicht wissen, wie der Service funktioniert, aber sie k\u00f6nnen ihn nutzen, um ihre Apps zu bauen. Microservices k\u00f6nnen ihren eigenen Technologie-Stack verwenden, haben ihre eigenen Entwicklungsteams und Bereitstellungszeitpl\u00e4ne und k\u00f6nnen unabh\u00e4ngig nach oben oder unten skaliert werden.<\/p>\n<\/div><\/section><\/div><div class=\"flex_column av_one_half  flex_column_div av-zero-column-padding   avia-builder-el-16  el_after_av_one_half  el_before_av_one_full  column-top-margin\" style='border-radius:0px; '><section class=\"av_textblock_section \"  itemscope=\"itemscope\" itemtype=\"https:\/\/schema.org\/CreativeWork\" ><div class='avia_textblock  '   itemprop=\"text\" ><p><strong>DATA MANAGEMENT<\/strong><br \/>\nEs gibt mehr als eine M\u00f6glichkeit, Ihre Daten zu speichern, und wir speichern sie in dem Datenbankformat, das f\u00fcr die App am sinnvollsten ist. In den meisten F\u00e4llen bedeutet das, dass relationale Datenbanken f\u00fcr Transaktionen und nicht-relationale (NoSQL) Datenbanken f\u00fcr hohe Datenmengen und schnellen Lesezugriff verwendet werden. Zum Beispiel k\u00f6nnten wir Ihre E-Commerce-Bestellungen in einer relationalen Datenbank und Ihren Produktkatalog in einer NoSQL-Datenbank speichern.<\/p>\n<\/div><\/section><\/div><div class=\"flex_column av_one_full  flex_column_div av-zero-column-padding first  avia-builder-el-18  el_after_av_one_half  el_before_av_textblock  column-top-margin\" style='border-radius:0px; '><section class=\"av_textblock_section \"  itemscope=\"itemscope\" itemtype=\"https:\/\/schema.org\/CreativeWork\" ><div class='avia_textblock  '   itemprop=\"text\" ><p><strong>SYSTEM INTEGRATIONS AND WORKFLOWS<\/strong><br \/>\nHaben Sie Systeme in Ihrem Unternehmen, die nicht miteinander sprechen, geschweige denn zusammenarbeiten? Wir entwickeln ma\u00dfgeschneiderte Software-Apps f\u00fcr Unternehmen, die sich \u00fcber APIs und direkte Datenbankverbindungen in andere Systeme integrieren lassen. Das \u00c4ndern eines Datensatzes in einem System kann einen Workflow ausl\u00f6sen, um die neu erfassten Daten an die richtigen Systeme und Personen weiterzuleiten, deren Genehmigungen und Unterschriften einzuholen, Benachrichtigungen an andere Systeme und Personen zu senden und vieles mehr. Ihre bestehenden Apps k\u00f6nnen mit Ihrer neuen App kommunizieren und umgekehrt.<\/p>\n<\/div><\/section><\/div><section class=\"av_textblock_section \"  itemscope=\"itemscope\" itemtype=\"https:\/\/schema.org\/CreativeWork\" ><div class='avia_textblock  '   itemprop=\"text\" ><h1>Tech Stack<\/h1>\n<ul>\n<li>Mobile Apps- React Native, Flutter, Native<\/li>\n<li>Backend &#8211; Node.js, Spring Boot, Django<\/li>\n<li>Cloud &#8211; AWS, Azure, GCP<\/li>\n<li>AI &#8211; TensorFlow, AWS Lex, DialogFlow<\/li>\n<li>Data Aanlytics- Rapid Miner, Apache Spark<\/li>\n<li>Big Data &#8211; Hadoop<\/li>\n<li>CI\/CD- Docker, Kubernetes<\/li>\n<li>PHP, Symfony<\/li>\n<li>mySQL<\/li>\n<li>Percona Performance<\/li>\n<li>PostgreSQL<\/li>\n<li>Apache<\/li>\n<li>nginx<\/li>\n<li>Java<\/li>\n<li>Jenkins<\/li>\n<li>Cassandra<\/li>\n<\/ul>\n<\/div><\/section>\n\n","protected":false},"excerpt":{"rendered":"","protected":false},"author":1,"featured_media":0,"parent":0,"menu_order":0,"comment_status":"open","ping_status":"closed","template":"","meta":[],"_links":{"self":[{"href":"https:\/\/www.peer-team.de\/index.php?rest_route=\/wp\/v2\/pages\/212"}],"collection":[{"href":"https:\/\/www.peer-team.de\/index.php?rest_route=\/wp\/v2\/pages"}],"about":[{"href":"https:\/\/www.peer-team.de\/index.php?rest_route=\/wp\/v2\/types\/page"}],"author":[{"embeddable":true,"href":"https:\/\/www.peer-team.de\/index.php?rest_route=\/wp\/v2\/users\/1"}],"replies":[{"embeddable":true,"href":"https:\/\/www.peer-team.de\/index.php?rest_route=%2Fwp%2Fv2%2Fcomments&post=212"}],"version-history":[{"count":27,"href":"https:\/\/www.peer-team.de\/index.php?rest_route=\/wp\/v2\/pages\/212\/revisions"}],"predecessor-version":[{"id":289,"href":"https:\/\/www.peer-team.de\/index.php?rest_route=\/wp\/v2\/pages\/212\/revisions\/289"}],"wp:attachment":[{"href":"https:\/\/www.peer-team.de\/index.php?rest_route=%2Fwp%2Fv2%2Fmedia&parent=212"}],"curies":[{"name":"wp","href":"https:\/\/api.w.org\/{rel}","templated":true}]}}