{"id":258,"date":"2019-06-03T11:42:20","date_gmt":"2019-06-03T09:42:20","guid":{"rendered":"http:\/\/wp.peer-team.de\/?page_id=258"},"modified":"2020-12-09T10:44:24","modified_gmt":"2020-12-09T09:44:24","slug":"impressum","status":"publish","type":"page","link":"https:\/\/www.peer-team.de\/?page_id=258","title":{"rendered":"Impressum"},"content":{"rendered":"<section class=\"av_textblock_section \"  itemscope=\"itemscope\" itemtype=\"https:\/\/schema.org\/CreativeWork\" ><div class='avia_textblock  '   itemprop=\"text\" ><p><img loading=\"lazy\" class=\"alignnone wp-image-283\" src=\"https:\/\/www.peer-team.de\/wp-content\/uploads\/2020\/12\/PeerImp-300x153.png\" alt=\"\" width=\"144\" height=\"73\" srcset=\"https:\/\/www.peer-team.de\/wp-content\/uploads\/2020\/12\/PeerImp-300x153.png 300w, https:\/\/www.peer-team.de\/wp-content\/uploads\/2020\/12\/PeerImp.png 314w\" sizes=\"(max-width: 144px) 100vw, 144px\" \/><\/p>\n<p>Telefon: 040\/22861536<br \/>\nTelefax: 040\/228615365<br \/>\nE-Mail: info@peer-team.de<br \/>\nVertreten durch: Gesch\u00e4ftsf\u00fchrer Marc Beisswenger<\/p>\n<p>Registereintrag:<br \/>\nEingetragen im Handelsregister.<br \/>\nRegistergericht: Hamburg<br \/>\nRegisternummer: 148791<\/p>\n<p>Umsatzsteuer-ID:<br \/>\nUmsatzsteuer-Identifikationsnummer nach \u00a727a Umsatzsteuergesetz:<br \/>\nDE314467663<\/p>\n<p>268496453 &#8211; Professional web design and website development service<br \/>\n\u00a9 stokkete<br \/>\n264919087 &#8211; Online medical services<br \/>\n\u00a9 stokkete<br \/>\nalle Bilder von Fotolia.com<br \/>\nHinweis gem\u00e4\u00df Online-Streitbeilegungs-Verordnung<\/p>\n<p>Nach geltendem Recht sind wir verpflichtet, Verbraucher auf die Existenz der Europ\u00e4ischen<br \/>\nOnline-Streitbeilegungs-Plattform hinzuweisen, die f\u00fcr die Beilegung von Streitigkeiten<br \/>\ngenutzt werden kann, ohne dass ein Gericht eingeschaltet werden muss. F\u00fcr die Einrichtung<br \/>\nder Plattform ist die Europ\u00e4ische Kommission zust\u00e4ndig.<br \/>\nDie Europ\u00e4ische Online-Streitbeilegungs-Plattform ist hier zu finden:<br \/>\nhttp:\/\/ec.europa.eu\/odr. Unsere E-Mail lautet: sales@pharmapeer.com<br \/>\nWir weisen aber darauf hin, dass wir nicht bereit sind, uns am Streitbeilegungsverfahren<br \/>\nim Rahmen der Europ\u00e4ischen Online-Streitbeilegungs-Plattform zu beteiligen. Nutzen Sie<br \/>\nzur Kontaktaufnahme bitte unsere obige E-Mail und Telefonnummer.<\/p>\n<p>Disclaimer \u2013 rechtliche Hinweise<\/p>\n<p>\u00a7 1 Warnhinweis zu Inhalten<br \/>\nDie kostenlosen und frei zug\u00e4nglichen Inhalte dieser Webseite wurden mit gr\u00f6\u00dftm\u00f6glicher<br \/>\nSorgfalt erstellt. Der Anbieter dieser Webseite \u00fcbernimmt jedoch keine Gew\u00e4hr f\u00fcr die<br \/>\nRichtigkeit und Aktualit\u00e4t der bereitgestellten kostenlosen und frei zug\u00e4nglichen<br \/>\njournalistischen Ratgeber und Nachrichten. Namentlich gekennzeichnete Beitr\u00e4ge geben<br \/>\ndie Meinung des jeweiligen Autors und nicht immer die Meinung des Anbieters wieder.<br \/>\nAllein durch den Aufruf der kostenlosen und frei zug\u00e4nglichen Inhalte kommt keinerlei<br \/>\nVertragsverh\u00e4ltnis zwischen dem Nutzer und dem Anbieter zustande, insoweit fehlt es<br \/>\nam Rechtsbindungswillen des Anbieters.<\/p>\n<p>\u00a7 2 Externe Links<br \/>\nDiese Website enth\u00e4lt Verkn\u00fcpfungen zu Websites Dritter (&#8222;externe Links&#8220;).<br \/>\nDiese Websites unterliegen der Haftung der jeweiligen Betreiber. Der Anbieter hat<br \/>\nbei der erstmaligen Verkn\u00fcpfung der externen Links die fremden Inhalte daraufhin<br \/>\n\u00fcberpr\u00fcft, ob etwaige Rechtsverst\u00f6\u00dfe bestehen. Zu dem Zeitpunkt waren keine<br \/>\nRechtsverst\u00f6\u00dfe ersichtlich. Der Anbieter hat keinerlei Einfluss auf die aktuelle<br \/>\nund zuk\u00fcnftige Gestaltung und auf die Inhalte der verkn\u00fcpften Seiten. Das Setzen<br \/>\nvon externen Links bedeutet nicht, dass sich der Anbieter die hinter dem Verweis<br \/>\noder Link liegenden Inhalte zu Eigen macht. Eine st\u00e4ndige Kontrolle der externen<br \/>\nLinks ist f\u00fcr den Anbieter ohne konkrete Hinweise auf Rechtsverst\u00f6\u00dfe nicht zumutbar.<br \/>\nBei Kenntnis von Rechtsverst\u00f6\u00dfen werden jedoch derartige externe Links<br \/>\nunverz\u00fcglich gel\u00f6scht.<\/p>\n<p>\u00a7 3 Urheber- und Leistungsschutzrechte<br \/>\nDie auf dieser Website ver\u00f6ffentlichten Inhalte unterliegen dem deutschen Urheber-<br \/>\nund Leistungsschutzrecht. Jede vom deutschen Urheber- und Leistungsschutzrecht nicht<br \/>\nzugelassene Verwertung bedarf der vorherigen schriftlichen Zustimmung des Anbieters<br \/>\noder jeweiligen Rechteinhabers. Dies gilt insbesondere f\u00fcr Vervielf\u00e4ltigung,<br \/>\nBearbeitung, \u00dcbersetzung, Einspeicherung, Verarbeitung bzw. Wiedergabe von Inhalten<br \/>\nin Datenbanken oder anderen elektronischen Medien und Systemen. Inhalte und Rechte<br \/>\nDritter sind dabei als solche gekennzeichnet. Die unerlaubte Vervielf\u00e4ltigung oder<br \/>\nWeitergabe einzelner Inhalte oder kompletter Seiten ist nicht gestattet und strafbar.<br \/>\nLediglich die Herstellung von Kopien und Downloads f\u00fcr den pers\u00f6nlichen, privaten<br \/>\nund nicht kommerziellen Gebrauch ist erlaubt.<\/p>\n<p>Die Darstellung dieser Website in fremden Frames ist nur mit schriftlicher Erlaubnis zul\u00e4ssig.<\/p>\n<p>\u00a7 4 Besondere Nutzungsbedingungen<br \/>\nSoweit besondere Bedingungen f\u00fcr einzelne Nutzungen dieser Website von den vorgenannten<br \/>\nParagraphen abweichen, wird an entsprechender Stelle ausdr\u00fccklich darauf hingewiesen.<br \/>\nIn diesem Falle gelten im jeweiligen Einzelfall die besonderen Nutzungsbedingungen.<br \/>\nQuelle: Impressum-Generator von Impressum-Recht.de<\/p>\n<\/div><\/section>\n","protected":false},"excerpt":{"rendered":"","protected":false},"author":1,"featured_media":0,"parent":0,"menu_order":10,"comment_status":"closed","ping_status":"closed","template":"","meta":[],"_links":{"self":[{"href":"https:\/\/www.peer-team.de\/index.php?rest_route=\/wp\/v2\/pages\/258"}],"collection":[{"href":"https:\/\/www.peer-team.de\/index.php?rest_route=\/wp\/v2\/pages"}],"about":[{"href":"https:\/\/www.peer-team.de\/index.php?rest_route=\/wp\/v2\/types\/page"}],"author":[{"embeddable":true,"href":"https:\/\/www.peer-team.de\/index.php?rest_route=\/wp\/v2\/users\/1"}],"replies":[{"embeddable":true,"href":"https:\/\/www.peer-team.de\/index.php?rest_route=%2Fwp%2Fv2%2Fcomments&post=258"}],"version-history":[{"count":9,"href":"https:\/\/www.peer-team.de\/index.php?rest_route=\/wp\/v2\/pages\/258\/revisions"}],"predecessor-version":[{"id":285,"href":"https:\/\/www.peer-team.de\/index.php?rest_route=\/wp\/v2\/pages\/258\/revisions\/285"}],"wp:attachment":[{"href":"https:\/\/www.peer-team.de\/index.php?rest_route=%2Fwp%2Fv2%2Fmedia&parent=258"}],"curies":[{"name":"wp","href":"https:\/\/api.w.org\/{rel}","templated":true}]}}